{"id":857,"date":"2024-10-07T07:14:50","date_gmt":"2024-10-07T05:14:50","guid":{"rendered":"https:\/\/zavodgong.org\/protezione-dei-dati-personali\/"},"modified":"2024-10-15T12:52:03","modified_gmt":"2024-10-15T10:52:03","slug":"protezione-dei-dati-personali","status":"publish","type":"page","link":"https:\/\/zavodgong.org\/it\/protezione-dei-dati-personali\/","title":{"rendered":"Protezione dei dati personali"},"content":{"rendered":"\t\t<div data-elementor-type=\"wp-page\" data-elementor-id=\"857\" class=\"elementor elementor-857 elementor-3\" data-elementor-post-type=\"page\">\n\t\t\t\t<div class=\"elementor-element elementor-element-58da147 pad-tb-l e-flex e-con-boxed e-con e-parent\" data-id=\"58da147\" data-element_type=\"container\" data-e-type=\"container\" data-settings=\"{&quot;jet_parallax_layout_list&quot;:[],&quot;background_background&quot;:&quot;classic&quot;}\">\n\t\t\t\t\t<div class=\"e-con-inner\">\n\t\t\t\t<div class=\"elementor-element elementor-element-8662839 elementor-widget elementor-widget-text-editor\" data-id=\"8662839\" data-element_type=\"widget\" data-e-type=\"widget\" data-widget_type=\"text-editor.default\">\n\t\t\t\t<div class=\"elementor-widget-container\">\n\t\t\t\t\t\t\t\t\t<h2>Chi siamo<\/h2>\nZAVOD GONG Prvomajska ulica 37 5000 Nova Gorica Spletna stran: www.zavodgong.org\n\n\n\n\n<h3>Quali dati personali raccogliamo e perch\u00e9<\/h3>\nRaccogliamo solo le informazioni necessarie, ad esempio per fornire i nostri servizi, per comunicare con l&#8217;utente o per migliorare i nostri servizi. Le informazioni relative all&#8217;utente includono, a titolo esemplificativo ma non esaustivo, le informazioni ottenute da GONG INSTITUTE in relazione all&#8217;accesso dell&#8217;utente al sito web, nome, cognome, indirizzo, numeri di telefono, informazioni di accesso all&#8217;account su questo sito web e\/o informazioni fornite dall&#8217;utente, cookie, analisi web. L&#8217;utente si impegna a mantenere sicuri il nome utente e la password e a impedire l&#8217;accesso a persone non autorizzate.   \n<h3>Commenti<\/h3>\nSe un visitatore pubblica un commento sul sito, raccoglieremo le informazioni inserite nel modulo di commento, l&#8217;indirizzo IP e i dati del browser per aiutare a rilevare lo spam. Il servizio Gravatar potrebbe ricevere una serie di dati anonimizzati generati dal tuo indirizzo e-mail (chiamati anche hash) per verificare se stai utilizzando il servizio. L&#8217;informativa sulla privacy di Gravatar \u00e8 disponibile qui. Dopo l&#8217;approvazione del tuo commento, l&#8217;immagine del tuo profilo verr\u00e0 visualizzata pubblicamente nel tuo commento.\n\n  \n<h3>Media<\/h3>\nSe carichi immagini sul sito web, dovresti evitare di caricare immagini con dati di localizzazione incorporati (EXIF GPS). I visitatori del sito web possono scaricare ed estrarre qualsiasi dato di localizzazione dalle immagini presenti sul sito. \n<h3>Moduli di contatto<\/h3>\nSe un visitatore ci invia un messaggio tramite il modulo di contatto, raccoglieremo i dati inseriti nel modulo, l&#8217;indirizzo IP e i dati del browser, che ci aiuteranno a rilevare lo spam. Conserviamo i dati personali solo per il tempo necessario (abbiamo un motivo per conservarli); tuttavia, puoi scegliere di richiedere la cancellazione dei tuoi dati in qualsiasi momento. Non utilizziamo i dati raccolti tramite il modulo di contatto per scopi di marketing.   \n<h3>Biscotti<\/h3>\nPer un&#8217;esperienza d&#8217;uso ottimale, ti consigliamo di abilitare i cookie.\n<h4><\/h4>\n<h4>Cosa sono i cookie?<\/h4>\n\n\n&#8220;I cookie sono piccoli file di testo che la maggior parte dei siti web (oltre ai siti web, anche e-mail, servizi online, pubblicit\u00e0 e applicazioni interattive) caricano sui dispositivi degli utenti (computer, dispositivi mobili, ecc.) quando visitano un determinato sito web, di solito contenenti: il nome del server da cui \u00e8 stato inviato il cookie; la durata del cookie; un valore &#8211; di solito un numero unico generato in modo casuale. A ogni visita successiva, il sito web recupera le informazioni sul cookie caricato e identifica il dispositivo dell&#8217;utente. Il cookie in s\u00e9 non contiene n\u00e9 raccoglie informazioni di identificazione personale, ma se gli utenti forniscono essi stessi tali informazioni al sito web, ad esempio registrandosi, queste possono essere collegate alle informazioni memorizzate nel cookie. Se il server legge il cookie insieme al browser web, questo pu\u00f2 aiutare il sito web a fornire un servizio pi\u00f9 semplice. Solo il server che ha inviato il cookie pu\u00f2 leggerlo e utilizzarlo&#8221;. (Fonte)\n\n\n\n\n\n\n<h4><\/h4>\n<h4>Perch\u00e9 i cookie sono necessari?<\/h4>\n&#8220;I cookie sono importanti per il funzionamento dei siti web e sono fondamentali per fornire servizi online di facile utilizzo che migliorino l&#8217;esperienza dell&#8217;utente. Le pi\u00f9 comuni funzioni di e-commerce non sarebbero possibili senza i cookie&#8221;. (Fonte)\n<h4>I cookie che utilizziamo:<\/h4>\n<div class=\"cky-audit-table-element\"><\/div>\n<a class=\"cky-banner-element\" href=\"#\">Gestione dei cookie<\/a>\n\nSe lasci un commento sul nostro sito web, puoi scegliere di salvare il tuo nome, l&#8217;indirizzo e-mail e il sito web nei cookie in modo da non dover inserire nuovamente i dati quando scrivi un nuovo commento. Questi cookie saranno conservati per un anno. Se hai un account e accedi a questo sito web, inseriremo un cookie temporaneo per determinare se il tuo browser accetta i cookie. Questo cookie non contiene informazioni personali e viene cancellato quando chiudi il browser. Quando effettui l&#8217;accesso, caricheremo altri cookie per salvare i tuoi dati di accesso e le preferenze di visualizzazione che hai selezionato. I cookie di accesso vengono memorizzati per due giorni e i cookie delle preferenze per un anno. Se selezioni &#8220;Ricordami&#8221;, il cookie viene memorizzato per due settimane. Se esci dal tuo account, i cookie di accesso verranno rimossi. Se modifichi o pubblichi un articolo, nel tuo browser verr\u00e0 memorizzato un ulteriore cookie. Questo cookie non contiene dati personali e indica semplicemente l&#8217;ID di pubblicazione dell&#8217;articolo che hai appena modificato. Scade dopo 1 giorno. \n\n \n\n   \n\n  \n<h3>Contenuti incorporati da altri siti (ad es. YouTube, Facebook)<\/h3>\nGli articoli di questo sito web possono contenere contenuti incorporati di altri siti web (ad es. video, immagini, ecc.). I contenuti incorporati di altri siti web si comportano come se il visitatore avesse visitato un altro sito web. Questi siti web possono raccogliere le tue informazioni, utilizzare i cookie, incorporare un codice di tracciamento aggiuntivo e monitorare la tua interazione con questi contenuti incorporati, compreso il tracciamento della tua interazione con questi contenuti incorporati se hai un account e sei connesso al sito web in questione (ad es. YouTube, Facebook). \n\n\n<h3>Analisi web &#8211; Google Analytics<\/h3>\nOgni volta che un utente accede al sito web, vengono registrati automaticamente alcuni dati non personali. Queste informazioni vengono utilizzate per migliorare i contenuti e l&#8217;usabilit\u00e0 e non vengono ulteriormente elaborate o trasmesse a terzi. L&#8217;informativa sulla privacy di Google Analytics \u00e8 disponibile qui.  \n<h3>Con chi condividiamo i tuoi dati personali<\/h3>\nCondividiamo i dati solo con i partner che ci permettono di fornire i nostri servizi (ad esempio, la consegna), di mantenere il nostro sito web, di fornire l&#8217;hosting&#8230;\n<h3>Per quanto tempo conserviamo i dati<\/h3>\nConserviamo i dati personali solo per il tempo necessario (abbiamo un motivo per conservarli). Se lasci un commento, il commento e i suoi metadati vengono conservati a tempo indeterminato in modo da poter identificare e approvare automaticamente ulteriori commenti. Per gli utenti che effettuano l&#8217;accesso al nostro sito web (se abilitato), memorizziamo anche le informazioni fornite nel loro profilo utente. Tutti gli utenti possono visualizzare, modificare o cancellare i propri dati personali in qualsiasi momento (ad eccezione dei casi in cui la cancellazione richiede una richiesta alla nostra e-mail). Anche gli amministratori del sito web possono visualizzare e modificare questi dati.\n\n\n\n  \n<h3>Quali diritti hai sui tuoi dati<\/h3>\nL&#8217;Utente si assume la responsabilit\u00e0 dell&#8217;autenticit\u00e0 dei dati personali e delle informazioni di contatto ed \u00e8 responsabile della sicurezza dell&#8217;accesso ai propri dati personali. L&#8217;Utente pu\u00f2 revocare l&#8217;autorizzazione al trattamento dei dati personali e richiedere la cancellazione dell&#8217;account dell&#8217;Utente in qualsiasi momento. L&#8217;Utente riconosce inoltre di essere stato informato del fatto che ha il diritto di accedere, copiare, modificare, emendare, rettificare, bloccare e cancellare i dati personali che lo riguardano, a meno che tale diritto non sia limitato dalle normative vigenti. In tal caso, adotteremo tutte le misure necessarie per soddisfare tale richiesta senza indugio. Questo non include i dati che dobbiamo conservare per scopi amministrativi, legali o di sicurezza. In caso di modifica dei tuoi dati, puoi richiederne la correzione o la cancellazione in qualsiasi momento contattando: info@zavodgong.org.    \n\n\n<h3>Dove inviamo i tuoi dati<\/h3>\nI commenti dei visitatori possono essere controllati attraverso un servizio di rilevamento automatico dei commenti &#8220;spam&#8221;. Akismet: raccogliamo i dati dei visitatori che lasciano commenti sul sito web. In genere vengono raccolti i seguenti dati: indirizzo IP, user agent, referrer e i dati inseriti nel modulo dei commenti. YouTube: il nostro sito web utilizza i plugin di YouTube &#8211; Google. Il gestore del sito web \u00e8 YouTube (YouTube). Se visiti una delle nostre pagine con un plug-in di YouTube, viene stabilita una connessione ai server di YouTube. Qui il server di YouTube viene informato delle pagine che hai visitato. Se sei connesso a YouTube, ti consentiamo di collegare il tuo comportamento di navigazione direttamente al tuo profilo personale. Puoi evitare che ci\u00f2 avvenga disconnettendoti dal tuo account YouTube. YouTube contribuisce a rendere il nostro sito web un&#8217;esperienza positiva per l&#8217;utente. Si tratta di un interesse legittimo ai sensi dell&#8217;art. 6 (1) (f) del GDPR. Ulteriori informazioni sul trattamento dei dati degli utenti sono disponibili qui. Google Web Fonts: questo sito web utilizza i font forniti da Google. Quando apri la pagina, il tuo browser carica i font richiesti nella cache del browser per visualizzare correttamente i testi e i caratteri. Per fare ci\u00f2, il tuo browser deve connettersi direttamente ai server di Google. In questo modo Google rileva che hai visitato il sito web tramite il tuo indirizzo IP. L&#8217;utilizzo di Google Web Fonts avviene nell&#8217;interesse di un&#8217;esperienza utente positiva. Si tratta di un interesse legittimo ai sensi dell&#8217;art. 6 (1) (f) GDPR. Se il tuo browser non supporta i font, verranno utilizzati i font standard. Ulteriori informazioni sono disponibili qui e qui.\n\n \n\n         \n\n        \n<h3>Dettagli di contatto<\/h3>\nZAVOD GONG Prvomajska ulica 37 5000 Nova Gorica Spletna stran: www.zavodgong.org\nE-mail: info@zavodgong.org\n\n\n\n\n<h3>Sicurezza<\/h3>\nSebbene nessun servizio online sia sicuro al 100%, ci preoccupiamo di proteggere i tuoi dati personali dall&#8217;accesso, dall&#8217;uso, dall&#8217;alterazione o dalla distruzione non autorizzati e adottiamo misure adeguate a tal fine. Procedura in caso di hacking o violazione In caso di hacking del nostro sito web e di accesso ai tuoi dati personali, ti informeremo al pi\u00f9 tardi entro tre giorni lavorativi.\n\nModifiche alle politiche Anche se la maggior parte delle modifiche sar\u00e0 probabilmente minima, potremmo cambiare questo documento di tanto in tanto. Raccomandiamo ai visitatori di controllare regolarmente questo documento per verificare la presenza di eventuali modifiche. Diario delle modifiche 1 settembre 2023: revisione e modifica delle politiche con l&#8217;obiettivo di semplificare la formulazione e chiarire il modo in cui operiamo.\n\n\n\n\n \n\n\t\t\t\t\t\t\t\t<\/div>\n\t\t\t\t<\/div>\n\t\t\t\t\t<\/div>\n\t\t\t\t<\/div>\n\t\t\t\t<\/div>\n\t\t","protected":false},"excerpt":{"rendered":"<p>Chi siamo ZAVOD GONG Prvomajska ulica 37 5000 Nova Gorica Spletna stran: www.zavodgong.org Quali dati personali raccogliamo e perch\u00e9 Raccogliamo solo le informazioni necessarie, ad esempio per fornire i nostri servizi, per comunicare con l&#8217;utente o per migliorare i nostri servizi. Le informazioni relative all&#8217;utente includono, a titolo esemplificativo ma non esaustivo, le informazioni ottenute [&hellip;]<\/p>\n","protected":false},"author":4,"featured_media":0,"parent":0,"menu_order":0,"comment_status":"closed","ping_status":"closed","template":"","meta":{"footnotes":""},"class_list":["post-857","page","type-page","status-publish","hentry"],"_links":{"self":[{"href":"https:\/\/zavodgong.org\/it\/wp-json\/wp\/v2\/pages\/857","targetHints":{"allow":["GET"]}}],"collection":[{"href":"https:\/\/zavodgong.org\/it\/wp-json\/wp\/v2\/pages"}],"about":[{"href":"https:\/\/zavodgong.org\/it\/wp-json\/wp\/v2\/types\/page"}],"author":[{"embeddable":true,"href":"https:\/\/zavodgong.org\/it\/wp-json\/wp\/v2\/users\/4"}],"replies":[{"embeddable":true,"href":"https:\/\/zavodgong.org\/it\/wp-json\/wp\/v2\/comments?post=857"}],"version-history":[{"count":0,"href":"https:\/\/zavodgong.org\/it\/wp-json\/wp\/v2\/pages\/857\/revisions"}],"wp:attachment":[{"href":"https:\/\/zavodgong.org\/it\/wp-json\/wp\/v2\/media?parent=857"}],"curies":[{"name":"wp","href":"https:\/\/api.w.org\/{rel}","templated":true}]}}